{"id":7,"date":"2022-05-29T18:48:27","date_gmt":"2022-05-29T18:48:27","guid":{"rendered":"https:\/\/dev.net-vision.cz\/azpraha\/?page_id=7"},"modified":"2022-06-01T09:45:53","modified_gmt":"2022-06-01T09:45:53","slug":"uvod","status":"publish","type":"page","link":"https:\/\/www.a-zcentrum.cz\/","title":{"rendered":"\u00davod"},"content":{"rendered":"","protected":false},"excerpt":{"rendered":"","protected":false},"author":1,"featured_media":0,"parent":0,"menu_order":0,"comment_status":"closed","ping_status":"closed","template":"","meta":{"footnotes":""},"class_list":["post-7","page","type-page","status-publish","hentry"],"yoast_head":"<!-- This site is optimized with the Yoast SEO plugin v27.0 - https:\/\/yoast.com\/product\/yoast-seo-wordpress\/ -->\n<title>Kovov\u00fdroba, z\u00e1me\u010dnictv\u00ed a ocelov\u00e9 konstrukce | A-Z centrum | Praha<\/title>\n<meta name=\"description\" content=\"Specializujeme se zejm\u00e9na na kovov\u00fdrobu, v\u00fdrobu a mont\u00e1\u017e ve\u0161ker\u00fdch z\u00e1me\u010dnick\u00fdch v\u00fdrobk\u016f do nov\u011b stav\u011bn\u00fdch i rekonstruovan\u00fdch objektu. Um\u00edme zpracovat nejen b\u011b\u017en\u00e9 ocelov\u00e9 a nerezov\u00e9 materi\u00e1ly, ale tak\u00e9 u\u0161lechtil\u00e9 kovy\" \/>\n<meta name=\"robots\" content=\"index, follow, max-snippet:-1, max-image-preview:large, max-video-preview:-1\" \/>\n<link rel=\"canonical\" href=\"https:\/\/www.a-zcentrum.cz\/\" \/>\n<meta property=\"og:locale\" content=\"cs_CZ\" \/>\n<meta property=\"og:type\" content=\"article\" \/>\n<meta property=\"og:title\" content=\"Kovov\u00fdroba, z\u00e1me\u010dnictv\u00ed a ocelov\u00e9 konstrukce | A-Z centrum | Praha\" \/>\n<meta property=\"og:description\" content=\"Specializujeme se zejm\u00e9na na kovov\u00fdrobu, v\u00fdrobu a mont\u00e1\u017e ve\u0161ker\u00fdch z\u00e1me\u010dnick\u00fdch v\u00fdrobk\u016f do nov\u011b stav\u011bn\u00fdch i rekonstruovan\u00fdch objektu. Um\u00edme zpracovat nejen b\u011b\u017en\u00e9 ocelov\u00e9 a nerezov\u00e9 materi\u00e1ly, ale tak\u00e9 u\u0161lechtil\u00e9 kovy\" \/>\n<meta property=\"og:url\" content=\"https:\/\/www.a-zcentrum.cz\/\" \/>\n<meta property=\"og:site_name\" content=\"A-Z centrum praha\" \/>\n<meta property=\"article:modified_time\" content=\"2022-06-01T09:45:53+00:00\" \/>\n<meta name=\"twitter:card\" content=\"summary_large_image\" \/>\n<script type=\"application\/ld+json\" class=\"yoast-schema-graph\">{\"@context\":\"https:\/\/schema.org\",\"@graph\":[{\"@type\":\"WebPage\",\"@id\":\"https:\/\/www.a-zcentrum.cz\/\",\"url\":\"https:\/\/www.a-zcentrum.cz\/\",\"name\":\"Kovov\u00fdroba, z\u00e1me\u010dnictv\u00ed a ocelov\u00e9 konstrukce | A-Z centrum | Praha\",\"isPartOf\":{\"@id\":\"https:\/\/www.a-zcentrum.cz\/#website\"},\"datePublished\":\"2022-05-29T18:48:27+00:00\",\"dateModified\":\"2022-06-01T09:45:53+00:00\",\"description\":\"Specializujeme se zejm\u00e9na na kovov\u00fdrobu, v\u00fdrobu a mont\u00e1\u017e ve\u0161ker\u00fdch z\u00e1me\u010dnick\u00fdch v\u00fdrobk\u016f do nov\u011b stav\u011bn\u00fdch i rekonstruovan\u00fdch objektu. Um\u00edme zpracovat nejen b\u011b\u017en\u00e9 ocelov\u00e9 a nerezov\u00e9 materi\u00e1ly, ale tak\u00e9 u\u0161lechtil\u00e9 kovy\",\"breadcrumb\":{\"@id\":\"https:\/\/www.a-zcentrum.cz\/#breadcrumb\"},\"inLanguage\":\"cs\",\"potentialAction\":[{\"@type\":\"ReadAction\",\"target\":[\"https:\/\/www.a-zcentrum.cz\/\"]}]},{\"@type\":\"BreadcrumbList\",\"@id\":\"https:\/\/www.a-zcentrum.cz\/#breadcrumb\",\"itemListElement\":[{\"@type\":\"ListItem\",\"position\":1,\"name\":\"Dom\u016f\",\"item\":\"https:\/\/www.a-zcentrum.cz\/\"},{\"@type\":\"ListItem\",\"position\":2,\"name\":\"\u00davod\"}]},{\"@type\":\"WebSite\",\"@id\":\"https:\/\/www.a-zcentrum.cz\/#website\",\"url\":\"https:\/\/www.a-zcentrum.cz\/\",\"name\":\"A-Z centrum praha\",\"description\":\"Just another WordPress site\",\"potentialAction\":[{\"@type\":\"SearchAction\",\"target\":{\"@type\":\"EntryPoint\",\"urlTemplate\":\"https:\/\/www.a-zcentrum.cz\/?s={search_term_string}\"},\"query-input\":{\"@type\":\"PropertyValueSpecification\",\"valueRequired\":true,\"valueName\":\"search_term_string\"}}],\"inLanguage\":\"cs\"}]}<\/script>\n<!-- \/ Yoast SEO plugin. -->","yoast_head_json":{"title":"Kovov\u00fdroba, z\u00e1me\u010dnictv\u00ed a ocelov\u00e9 konstrukce | A-Z centrum | Praha","description":"Specializujeme se zejm\u00e9na na kovov\u00fdrobu, v\u00fdrobu a mont\u00e1\u017e ve\u0161ker\u00fdch z\u00e1me\u010dnick\u00fdch v\u00fdrobk\u016f do nov\u011b stav\u011bn\u00fdch i rekonstruovan\u00fdch objektu. Um\u00edme zpracovat nejen b\u011b\u017en\u00e9 ocelov\u00e9 a nerezov\u00e9 materi\u00e1ly, ale tak\u00e9 u\u0161lechtil\u00e9 kovy","robots":{"index":"index","follow":"follow","max-snippet":"max-snippet:-1","max-image-preview":"max-image-preview:large","max-video-preview":"max-video-preview:-1"},"canonical":"https:\/\/www.a-zcentrum.cz\/","og_locale":"cs_CZ","og_type":"article","og_title":"Kovov\u00fdroba, z\u00e1me\u010dnictv\u00ed a ocelov\u00e9 konstrukce | A-Z centrum | Praha","og_description":"Specializujeme se zejm\u00e9na na kovov\u00fdrobu, v\u00fdrobu a mont\u00e1\u017e ve\u0161ker\u00fdch z\u00e1me\u010dnick\u00fdch v\u00fdrobk\u016f do nov\u011b stav\u011bn\u00fdch i rekonstruovan\u00fdch objektu. Um\u00edme zpracovat nejen b\u011b\u017en\u00e9 ocelov\u00e9 a nerezov\u00e9 materi\u00e1ly, ale tak\u00e9 u\u0161lechtil\u00e9 kovy","og_url":"https:\/\/www.a-zcentrum.cz\/","og_site_name":"A-Z centrum praha","article_modified_time":"2022-06-01T09:45:53+00:00","twitter_card":"summary_large_image","schema":{"@context":"https:\/\/schema.org","@graph":[{"@type":"WebPage","@id":"https:\/\/www.a-zcentrum.cz\/","url":"https:\/\/www.a-zcentrum.cz\/","name":"Kovov\u00fdroba, z\u00e1me\u010dnictv\u00ed a ocelov\u00e9 konstrukce | A-Z centrum | Praha","isPartOf":{"@id":"https:\/\/www.a-zcentrum.cz\/#website"},"datePublished":"2022-05-29T18:48:27+00:00","dateModified":"2022-06-01T09:45:53+00:00","description":"Specializujeme se zejm\u00e9na na kovov\u00fdrobu, v\u00fdrobu a mont\u00e1\u017e ve\u0161ker\u00fdch z\u00e1me\u010dnick\u00fdch v\u00fdrobk\u016f do nov\u011b stav\u011bn\u00fdch i rekonstruovan\u00fdch objektu. Um\u00edme zpracovat nejen b\u011b\u017en\u00e9 ocelov\u00e9 a nerezov\u00e9 materi\u00e1ly, ale tak\u00e9 u\u0161lechtil\u00e9 kovy","breadcrumb":{"@id":"https:\/\/www.a-zcentrum.cz\/#breadcrumb"},"inLanguage":"cs","potentialAction":[{"@type":"ReadAction","target":["https:\/\/www.a-zcentrum.cz\/"]}]},{"@type":"BreadcrumbList","@id":"https:\/\/www.a-zcentrum.cz\/#breadcrumb","itemListElement":[{"@type":"ListItem","position":1,"name":"Dom\u016f","item":"https:\/\/www.a-zcentrum.cz\/"},{"@type":"ListItem","position":2,"name":"\u00davod"}]},{"@type":"WebSite","@id":"https:\/\/www.a-zcentrum.cz\/#website","url":"https:\/\/www.a-zcentrum.cz\/","name":"A-Z centrum praha","description":"Just another WordPress site","potentialAction":[{"@type":"SearchAction","target":{"@type":"EntryPoint","urlTemplate":"https:\/\/www.a-zcentrum.cz\/?s={search_term_string}"},"query-input":{"@type":"PropertyValueSpecification","valueRequired":true,"valueName":"search_term_string"}}],"inLanguage":"cs"}]}},"_links":{"self":[{"href":"https:\/\/www.a-zcentrum.cz\/index.php\/wp-json\/wp\/v2\/pages\/7","targetHints":{"allow":["GET"]}}],"collection":[{"href":"https:\/\/www.a-zcentrum.cz\/index.php\/wp-json\/wp\/v2\/pages"}],"about":[{"href":"https:\/\/www.a-zcentrum.cz\/index.php\/wp-json\/wp\/v2\/types\/page"}],"author":[{"embeddable":true,"href":"https:\/\/www.a-zcentrum.cz\/index.php\/wp-json\/wp\/v2\/users\/1"}],"replies":[{"embeddable":true,"href":"https:\/\/www.a-zcentrum.cz\/index.php\/wp-json\/wp\/v2\/comments?post=7"}],"version-history":[{"count":1,"href":"https:\/\/www.a-zcentrum.cz\/index.php\/wp-json\/wp\/v2\/pages\/7\/revisions"}],"predecessor-version":[{"id":9,"href":"https:\/\/www.a-zcentrum.cz\/index.php\/wp-json\/wp\/v2\/pages\/7\/revisions\/9"}],"wp:attachment":[{"href":"https:\/\/www.a-zcentrum.cz\/index.php\/wp-json\/wp\/v2\/media?parent=7"}],"curies":[{"name":"wp","href":"https:\/\/api.w.org\/{rel}","templated":true}]}}